{"id":108,"date":"2021-11-24T19:24:27","date_gmt":"2021-11-24T19:24:27","guid":{"rendered":"https:\/\/www.vieversyne.lt\/?page_id=108"},"modified":"2023-03-06T13:36:56","modified_gmt":"2023-03-06T13:36:56","slug":"galerija","status":"publish","type":"page","link":"https:\/\/www.vieversyne.lt\/?page_id=108","title":{"rendered":"GALERIJA"},"content":{"rendered":"<div class=\"\" style=\"\" >\n    \n    <section class=\"u-align-center u-clearfix u-image u-shading u-section-2\" src=\"\" data-image-width=\"150\" data-image-height=\"100\" id=\"sec-721c\" style=\"background-image: linear-gradient(0deg, rgba(0, 0, 0, 0.4), rgba(0, 0, 0, 0.4)), url(&quot;https:\/\/www.vieversyne.lt\/wp-content\/uploads\/2021\/11\/ad0f435be6ae6b4d469d12206f893e68dabb381e91f0a02d19085ed611d67b76149538d78440a4388725cb95058ee27e99571c4b33c650c86a4a25_1280-1.jpg&quot;);\">\n      <div class=\"u-clearfix u-sheet u-sheet-1\">\n        <h1 class=\"u-custom-font u-font-merriweather u-text u-title u-text-1\">GALERIJA<\/h1>\n        <p class=\"u-large-text u-text u-text-variant u-text-2\">Kvie\u010diame labiau susipa\u017einti su sodybos aplinka ir geriau \u012fsivaizduoti savo \u0161vent\u0117s ar poilsio viet\u0105<\/p>\n      <\/div>\n    <\/section>\n    <section class=\"u-align-center u-clearfix u-grey-10 u-section-3\" id=\"sec-0c87\">\n      <div class=\"u-clearfix u-sheet u-sheet-1\">\n        <div class=\"u-expanded-width u-gallery u-layout-grid u-lightbox u-show-text-on-hover u-gallery-1\">\n          <div class=\"u-gallery-inner u-gallery-inner-1\">\n            <div class=\"u-effect-fade u-gallery-item\">\n              <div class=\"u-back-slide\" data-image-width=\"1600\" data-image-height=\"1066\">\n                <img decoding=\"async\" class=\"u-back-image u-expanded\" src=\"https:\/\/www.vieversyne.lt\/wp-content\/uploads\/2021\/11\/Vieversyn20219-1.jpg\">\n              <\/div>\n              <div class=\"u-over-slide u-shading u-over-slide-1\">\n                <h3 class=\"u-gallery-heading\"><\/h3>\n                <p class=\"u-gallery-text\"><\/p>\n              <\/div>\n            <\/div>\n            <div class=\"u-effect-fade u-gallery-item\" data-image-width=\"479\" data-image-height=\"546\">\n              <div class=\"u-back-slide\">\n                <img decoding=\"async\" class=\"u-back-image u-expanded\" src=\"https:\/\/www.vieversyne.lt\/wp-content\/uploads\/2023\/03\/lovossengr.jpg\">\n              <\/div>\n              <div class=\"u-over-slide u-shading u-over-slide-2\">\n                <h3 class=\"u-gallery-heading\"><\/h3>\n                <p class=\"u-gallery-text\"><\/p>\n              <\/div>\n            <\/div>\n            <div class=\"u-effect-fade u-gallery-item\" data-image-width=\"494\" data-image-height=\"530\">\n              <div class=\"u-back-slide\">\n                <img decoding=\"async\" class=\"u-back-image u-expanded\" src=\"https:\/\/www.vieversyne.lt\/wp-content\/uploads\/2023\/03\/dviguledidp.jpg\">\n              <\/div>\n              <div class=\"u-over-slide u-shading u-over-slide-3\">\n                <h3 class=\"u-gallery-heading\"><\/h3>\n                <p class=\"u-gallery-text\"><\/p>\n              <\/div>\n            <\/div>\n            <div class=\"u-effect-fade u-gallery-item\">\n              <div class=\"u-back-slide\" data-image-width=\"5464\" data-image-height=\"3640\">\n                <img decoding=\"async\" class=\"u-back-image u-expanded\" src=\"https:\/\/www.vieversyne.lt\/wp-content\/uploads\/2021\/11\/Vieversyn202134-1.jpg\">\n              <\/div>\n              <div class=\"u-over-slide u-shading u-over-slide-4\">\n                <h3 class=\"u-gallery-heading\"><\/h3>\n                <p class=\"u-gallery-text\"><\/p>\n              <\/div>\n            <\/div>\n            <div class=\"u-effect-fade u-gallery-item u-gallery-item-5\">\n              <div class=\"u-back-slide\" data-image-width=\"3840\" data-image-height=\"3840\">\n                <img decoding=\"async\" class=\"u-back-image u-expanded\" src=\"https:\/\/www.vieversyne.lt\/wp-content\/uploads\/2021\/11\/IMG_20181115_115957_855-1.jpg\">\n              <\/div>\n              <div class=\"u-over-slide u-shading u-over-slide-5\">\n                <h3 class=\"u-gallery-heading\"><\/h3>\n                <p class=\"u-gallery-text\"><\/p>\n              <\/div>\n            <\/div>\n            <div class=\"u-effect-fade u-gallery-item u-gallery-item-6\">\n              <div class=\"u-back-slide\" data-image-width=\"627\" data-image-height=\"418\">\n                <img decoding=\"async\" class=\"u-back-image u-expanded\" src=\"https:\/\/www.vieversyne.lt\/wp-content\/uploads\/2023\/03\/Paskutine.jpg\">\n              <\/div>\n              <div class=\"u-over-slide u-shading u-over-slide-6\">\n                <h3 class=\"u-gallery-heading\"><\/h3>\n                <p class=\"u-gallery-text\"><\/p>\n              <\/div>\n            <\/div>\n            <div class=\"u-effect-fade u-gallery-item\">\n              <div class=\"u-back-slide\" data-image-width=\"5184\" data-image-height=\"3456\">\n                <img decoding=\"async\" class=\"u-back-image u-expanded\" src=\"https:\/\/www.vieversyne.lt\/wp-content\/uploads\/2021\/11\/IMG_1310-1.jpg\">\n              <\/div>\n              <div class=\"u-over-slide u-shading u-over-slide-7\">\n                <h3 class=\"u-gallery-heading\"><\/h3>\n                <p class=\"u-gallery-text\"><\/p>\n              <\/div>\n            <\/div>\n            <div class=\"u-effect-fade u-gallery-item u-gallery-item-8\" data-image-width=\"1280\" data-image-height=\"777\">\n              <div class=\"u-back-slide\" data-image-width=\"5184\" data-image-height=\"3456\">\n                <img decoding=\"async\" class=\"u-back-image u-expanded u-back-image-8\" src=\"https:\/\/www.vieversyne.lt\/wp-content\/uploads\/2021\/11\/Kambariai-1.jpg\">\n              <\/div>\n              <div class=\"u-over-slide u-shading u-over-slide-8\">\n                <h3 class=\"u-gallery-heading\" style=\"background-image: none;\"><\/h3>\n                <p class=\"u-gallery-text\" style=\"background-image: none;\"><\/p>\n              <\/div>\n            <\/div>\n          <\/div>\n        <\/div>\n      <\/div>\n    <\/section>\n    <section class=\"u-align-center u-clearfix u-grey-10 u-section-4\" id=\"carousel_77fc\">\n      <div class=\"u-clearfix u-sheet u-sheet-1\">\n        <div class=\"u-expanded-width u-gallery u-layout-grid u-lightbox u-show-text-on-hover u-gallery-1\">\n          <div class=\"u-gallery-inner u-gallery-inner-1\">\n            <div class=\"u-effect-fade u-gallery-item\">\n              <div class=\"u-back-slide\" data-image-width=\"1920\" data-image-height=\"630\">\n                <img decoding=\"async\" class=\"u-back-image u-expanded\" src=\"https:\/\/www.vieversyne.lt\/wp-content\/uploads\/2021\/11\/7-1.jpg\">\n              <\/div>\n              <div class=\"u-over-slide u-shading u-over-slide-1\">\n                <h3 class=\"u-gallery-heading\"><\/h3>\n                <p class=\"u-gallery-text\"><\/p>\n              <\/div>\n            <\/div>\n            <div class=\"u-effect-fade u-gallery-item\">\n              <div class=\"u-back-slide\" data-image-width=\"3648\" data-image-height=\"1680\">\n                <img decoding=\"async\" class=\"u-back-image u-expanded\" src=\"https:\/\/www.vieversyne.lt\/wp-content\/uploads\/2021\/11\/IMG_20210721_104931-1.jpg\">\n              <\/div>\n              <div class=\"u-over-slide u-shading u-over-slide-2\">\n                <h3 class=\"u-gallery-heading\"><\/h3>\n                <p class=\"u-gallery-text\"><\/p>\n              <\/div>\n            <\/div>\n            <div class=\"u-effect-fade u-gallery-item\" data-image-width=\"368\" data-image-height=\"649\">\n              <div class=\"u-back-slide\">\n                <img decoding=\"async\" class=\"u-back-image u-expanded\" src=\"https:\/\/www.vieversyne.lt\/wp-content\/uploads\/2023\/03\/teritorijanamelis7viet.jpg\">\n              <\/div>\n              <div class=\"u-over-slide u-shading u-over-slide-3\">\n                <h3 class=\"u-gallery-heading\"><\/h3>\n                <p class=\"u-gallery-text\"><\/p>\n              <\/div>\n            <\/div>\n            <div class=\"u-effect-fade u-gallery-item\" data-image-width=\"375\" data-image-height=\"698\">\n              <div class=\"u-back-slide\">\n                <img decoding=\"async\" class=\"u-back-image u-expanded\" src=\"https:\/\/www.vieversyne.lt\/wp-content\/uploads\/2023\/03\/griliuojam.jpg\">\n              <\/div>\n              <div class=\"u-over-slide u-shading u-over-slide-4\">\n                <h3 class=\"u-gallery-heading\"><\/h3>\n                <p class=\"u-gallery-text\"><\/p>\n              <\/div>\n            <\/div>\n            <div class=\"u-effect-fade u-gallery-item\" data-image-width=\"585\" data-image-height=\"346\">\n              <div class=\"u-back-slide\">\n                <img decoding=\"async\" class=\"u-back-image u-expanded\" src=\"https:\/\/www.vieversyne.lt\/wp-content\/uploads\/2023\/03\/teritorija14.jpg\">\n              <\/div>\n              <div class=\"u-over-slide u-shading u-over-slide-5\">\n                <h3 class=\"u-gallery-heading\"><\/h3>\n                <p class=\"u-gallery-text\"><\/p>\n              <\/div>\n            <\/div>\n            <div class=\"u-effect-fade u-gallery-item\">\n              <div class=\"u-back-slide\" data-image-width=\"3968\" data-image-height=\"2976\">\n                <img decoding=\"async\" class=\"u-back-image u-expanded\" src=\"https:\/\/www.vieversyne.lt\/wp-content\/uploads\/2021\/11\/IMG_20180619_183314-1.jpg\">\n              <\/div>\n              <div class=\"u-over-slide u-shading u-over-slide-6\">\n                <h3 class=\"u-gallery-heading\"><\/h3>\n                <p class=\"u-gallery-text\"><\/p>\n              <\/div>\n            <\/div>\n          <\/div>\n        <\/div>\n      <\/div>\n    <\/section>\n    \n    \n    \n  \n<\/div>","protected":false},"excerpt":{"rendered":"<p>GALERIJA Kvie\u010diame labiau susipa\u017einti su sodybos aplinka ir geriau \u012fsivaizduoti savo \u0161vent\u0117s ar poilsio viet\u0105<\/p>\n","protected":false},"author":1,"featured_media":0,"parent":0,"menu_order":3,"comment_status":"closed","ping_status":"closed","template":"","meta":{"footnotes":""},"class_list":["post-108","page","type-page","status-publish","hentry","entry"],"yoast_head":"<!-- This site is optimized with the Yoast SEO plugin v17.5 - https:\/\/yoast.com\/wordpress\/plugins\/seo\/ -->\n<title>GALERIJA - Sodyba Vieversyne<\/title>\n<meta name=\"robots\" content=\"index, follow, max-snippet:-1, max-image-preview:large, max-video-preview:-1\" \/>\n<link rel=\"canonical\" href=\"https:\/\/www.vieversyne.lt\/?page_id=108\" \/>\n<meta property=\"og:locale\" content=\"lt_LT\" \/>\n<meta property=\"og:type\" content=\"article\" \/>\n<meta property=\"og:title\" content=\"GALERIJA - Sodyba Vieversyne\" \/>\n<meta property=\"og:description\" content=\"GALERIJA Kvie\u010diame labiau susipa\u017einti su sodybos aplinka ir geriau \u012fsivaizduoti savo \u0161vent\u0117s ar poilsio viet\u0105\" \/>\n<meta property=\"og:url\" content=\"https:\/\/www.vieversyne.lt\/?page_id=108\" \/>\n<meta property=\"og:site_name\" content=\"Sodyba Vieversyne\" \/>\n<meta property=\"article:modified_time\" content=\"2023-03-06T13:36:56+00:00\" \/>\n<meta name=\"twitter:card\" content=\"summary_large_image\" \/>\n<script type=\"application\/ld+json\" class=\"yoast-schema-graph\">{\"@context\":\"https:\/\/schema.org\",\"@graph\":[{\"@type\":\"WebSite\",\"@id\":\"https:\/\/www.vieversyne.lt\/#website\",\"url\":\"https:\/\/www.vieversyne.lt\/\",\"name\":\"Sodyba Vieversyne\",\"description\":\"Kaimo turizmo sodyba\",\"potentialAction\":[{\"@type\":\"SearchAction\",\"target\":{\"@type\":\"EntryPoint\",\"urlTemplate\":\"https:\/\/www.vieversyne.lt\/?s={search_term_string}\"},\"query-input\":\"required name=search_term_string\"}],\"inLanguage\":\"lt-LT\"},{\"@type\":\"WebPage\",\"@id\":\"https:\/\/www.vieversyne.lt\/?page_id=108#webpage\",\"url\":\"https:\/\/www.vieversyne.lt\/?page_id=108\",\"name\":\"GALERIJA - Sodyba Vieversyne\",\"isPartOf\":{\"@id\":\"https:\/\/www.vieversyne.lt\/#website\"},\"datePublished\":\"2021-11-24T19:24:27+00:00\",\"dateModified\":\"2023-03-06T13:36:56+00:00\",\"breadcrumb\":{\"@id\":\"https:\/\/www.vieversyne.lt\/?page_id=108#breadcrumb\"},\"inLanguage\":\"lt-LT\",\"potentialAction\":[{\"@type\":\"ReadAction\",\"target\":[\"https:\/\/www.vieversyne.lt\/?page_id=108\"]}]},{\"@type\":\"BreadcrumbList\",\"@id\":\"https:\/\/www.vieversyne.lt\/?page_id=108#breadcrumb\",\"itemListElement\":[{\"@type\":\"ListItem\",\"position\":1,\"name\":\"Home\",\"item\":\"https:\/\/www.vieversyne.lt\/\"},{\"@type\":\"ListItem\",\"position\":2,\"name\":\"GALERIJA\"}]}]}<\/script>\n<!-- \/ Yoast SEO plugin. -->","yoast_head_json":{"title":"GALERIJA - Sodyba Vieversyne","robots":{"index":"index","follow":"follow","max-snippet":"max-snippet:-1","max-image-preview":"max-image-preview:large","max-video-preview":"max-video-preview:-1"},"canonical":"https:\/\/www.vieversyne.lt\/?page_id=108","og_locale":"lt_LT","og_type":"article","og_title":"GALERIJA - Sodyba Vieversyne","og_description":"GALERIJA Kvie\u010diame labiau susipa\u017einti su sodybos aplinka ir geriau \u012fsivaizduoti savo \u0161vent\u0117s ar poilsio viet\u0105","og_url":"https:\/\/www.vieversyne.lt\/?page_id=108","og_site_name":"Sodyba Vieversyne","article_modified_time":"2023-03-06T13:36:56+00:00","twitter_card":"summary_large_image","schema":{"@context":"https:\/\/schema.org","@graph":[{"@type":"WebSite","@id":"https:\/\/www.vieversyne.lt\/#website","url":"https:\/\/www.vieversyne.lt\/","name":"Sodyba Vieversyne","description":"Kaimo turizmo sodyba","potentialAction":[{"@type":"SearchAction","target":{"@type":"EntryPoint","urlTemplate":"https:\/\/www.vieversyne.lt\/?s={search_term_string}"},"query-input":"required name=search_term_string"}],"inLanguage":"lt-LT"},{"@type":"WebPage","@id":"https:\/\/www.vieversyne.lt\/?page_id=108#webpage","url":"https:\/\/www.vieversyne.lt\/?page_id=108","name":"GALERIJA - Sodyba Vieversyne","isPartOf":{"@id":"https:\/\/www.vieversyne.lt\/#website"},"datePublished":"2021-11-24T19:24:27+00:00","dateModified":"2023-03-06T13:36:56+00:00","breadcrumb":{"@id":"https:\/\/www.vieversyne.lt\/?page_id=108#breadcrumb"},"inLanguage":"lt-LT","potentialAction":[{"@type":"ReadAction","target":["https:\/\/www.vieversyne.lt\/?page_id=108"]}]},{"@type":"BreadcrumbList","@id":"https:\/\/www.vieversyne.lt\/?page_id=108#breadcrumb","itemListElement":[{"@type":"ListItem","position":1,"name":"Home","item":"https:\/\/www.vieversyne.lt\/"},{"@type":"ListItem","position":2,"name":"GALERIJA"}]}]}},"_links":{"self":[{"href":"https:\/\/www.vieversyne.lt\/index.php?rest_route=\/wp\/v2\/pages\/108","targetHints":{"allow":["GET"]}}],"collection":[{"href":"https:\/\/www.vieversyne.lt\/index.php?rest_route=\/wp\/v2\/pages"}],"about":[{"href":"https:\/\/www.vieversyne.lt\/index.php?rest_route=\/wp\/v2\/types\/page"}],"author":[{"embeddable":true,"href":"https:\/\/www.vieversyne.lt\/index.php?rest_route=\/wp\/v2\/users\/1"}],"replies":[{"embeddable":true,"href":"https:\/\/www.vieversyne.lt\/index.php?rest_route=%2Fwp%2Fv2%2Fcomments&post=108"}],"version-history":[{"count":3,"href":"https:\/\/www.vieversyne.lt\/index.php?rest_route=\/wp\/v2\/pages\/108\/revisions"}],"predecessor-version":[{"id":200,"href":"https:\/\/www.vieversyne.lt\/index.php?rest_route=\/wp\/v2\/pages\/108\/revisions\/200"}],"wp:attachment":[{"href":"https:\/\/www.vieversyne.lt\/index.php?rest_route=%2Fwp%2Fv2%2Fmedia&parent=108"}],"curies":[{"name":"wp","href":"https:\/\/api.w.org\/{rel}","templated":true}]}}